{"id":29,"date":"2023-10-25T11:33:24","date_gmt":"2023-10-25T11:33:24","guid":{"rendered":"https:\/\/wiiyanbushido.com\/?page_id=29"},"modified":"2025-09-03T17:58:41","modified_gmt":"2025-09-03T17:58:41","slug":"le-muay","status":"publish","type":"page","link":"https:\/\/wiiyanbushido.com\/?page_id=29","title":{"rendered":"Baillargues"},"content":{"rendered":"\n<div class=\"wp-block-group\"><div class=\"wp-block-group__inner-container is-layout-constrained wp-block-group-is-layout-constrained\">\n<div class=\"wp-block-group\"><div class=\"wp-block-group__inner-container is-layout-constrained wp-block-group-is-layout-constrained\">\n<p><strong>Muay Tha\u00ef<\/strong><strong> Traditionnel<\/strong><\/p>\n\n\n\n<p class=\"has-black-color has-text-color\">Nous enseignons la forme sportive ainsi que le Muay Boran lors de nos cours. Conna\u00eetre l&rsquo;histoire d&rsquo;une discipline ainsi la forme ainsi que la forme originelle des techniques permet de mieux les mettre en pratique.<\/p>\n\n\n\n<ul class=\"wp-block-list\">\n<li>Adultes (\u00e0 partir de 16 ans et en fonction de la maturit\u00e9 et l\u2019implication des \u00e9l\u00e8ves)<\/li>\n\n\n\n<li>Adolescent (Minimes 12-13ans \/ Cadet 14-15ans et Juniors 16-17ans)<\/li>\n\n\n\n<li>Enfant (Poussins 6-7ans \/ Pupilles 8-9ans \/ Benjamins 10-11ans)<\/li>\n<\/ul>\n\n\n\n<ol class=\"wp-block-list\">\n<li>Adultes, le mardi et jeudi de 19h30 jusqu\u2019\u00e0 21h<\/li>\n\n\n\n<li>Adolescent, le lundi de 19h jusqu\u2019\u00e0 20h et mercredi de 20h \u00e0 21h<\/li>\n\n\n\n<li>Enfant, le mardi et jeudi de 18h30 jusqu\u2019\u00e0 19h30<\/li>\n<\/ol>\n<\/div><\/div>\n\n\n\n<p>Infos : 07.66.54.63.71 \u2013 wiiyan.baillargues@gmail.com<\/p>\n\n\n\n<p><\/p>\n<\/div><\/div>\n\n\n<div class=\"wp-block-image is-style-rounded\">\n<figure class=\"aligncenter size-full is-resized\"><img loading=\"lazy\" decoding=\"async\" width=\"683\" height=\"726\" src=\"https:\/\/wiiyanbushido.com\/wp-content\/uploads\/2023\/10\/273453508_250331303923142_7130172639052774862_n.jpg\" alt=\"\" class=\"wp-image-52\" style=\"width:537px;height:auto\" srcset=\"https:\/\/wiiyanbushido.com\/wp-content\/uploads\/2023\/10\/273453508_250331303923142_7130172639052774862_n.jpg 683w, https:\/\/wiiyanbushido.com\/wp-content\/uploads\/2023\/10\/273453508_250331303923142_7130172639052774862_n-282x300.jpg 282w\" sizes=\"auto, (max-width: 683px) 100vw, 683px\" \/><figcaption class=\"wp-element-caption\">Fr\u00e9d\u00e9ric BIDAUD<br>Pr\u00e9sident<\/figcaption><\/figure>\n<\/div>\n\n\n<div class=\"wp-block-columns is-layout-flex wp-container-core-columns-is-layout-9d6595d7 wp-block-columns-is-layout-flex\">\n<div class=\"wp-block-column is-layout-flow wp-block-column-is-layout-flow\" style=\"flex-basis:100%\"><div class=\"wp-block-image is-style-rounded\">\n<figure class=\"aligncenter size-large is-resized\"><img loading=\"lazy\" decoding=\"async\" width=\"1019\" height=\"1024\" src=\"https:\/\/wiiyanbushido.com\/wp-content\/uploads\/2023\/10\/123692002_4038518189496266_2311035511302173203_n-1019x1024.jpg\" alt=\"\" class=\"wp-image-112\" style=\"width:590px;height:auto\" srcset=\"https:\/\/wiiyanbushido.com\/wp-content\/uploads\/2023\/10\/123692002_4038518189496266_2311035511302173203_n-1019x1024.jpg 1019w, https:\/\/wiiyanbushido.com\/wp-content\/uploads\/2023\/10\/123692002_4038518189496266_2311035511302173203_n-300x300.jpg 300w, https:\/\/wiiyanbushido.com\/wp-content\/uploads\/2023\/10\/123692002_4038518189496266_2311035511302173203_n-150x150.jpg 150w, https:\/\/wiiyanbushido.com\/wp-content\/uploads\/2023\/10\/123692002_4038518189496266_2311035511302173203_n-768x772.jpg 768w, https:\/\/wiiyanbushido.com\/wp-content\/uploads\/2023\/10\/123692002_4038518189496266_2311035511302173203_n.jpg 1021w\" sizes=\"auto, (max-width: 1019px) 100vw, 1019px\" \/><figcaption class=\"wp-element-caption\">Morgane BERGER-BIDAUD\nSecr\u00e9taire\/Tr\u00e9sori\u00e8re<\/figcaption><\/figure>\n<\/div><\/div>\n<\/div>\n","protected":false},"excerpt":{"rendered":"<p>Muay Tha\u00ef Traditionnel Nous enseignons la forme sportive ainsi que le Muay Boran lors de nos cours. Conna\u00eetre l&rsquo;histoire d&rsquo;une discipline ainsi la forme ainsi [&hellip;]<\/p>\n","protected":false},"author":1,"featured_media":0,"parent":0,"menu_order":0,"comment_status":"closed","ping_status":"closed","template":"","meta":{"footnotes":""},"class_list":["post-29","page","type-page","status-publish","hentry"],"_links":{"self":[{"href":"https:\/\/wiiyanbushido.com\/index.php?rest_route=\/wp\/v2\/pages\/29","targetHints":{"allow":["GET"]}}],"collection":[{"href":"https:\/\/wiiyanbushido.com\/index.php?rest_route=\/wp\/v2\/pages"}],"about":[{"href":"https:\/\/wiiyanbushido.com\/index.php?rest_route=\/wp\/v2\/types\/page"}],"author":[{"embeddable":true,"href":"https:\/\/wiiyanbushido.com\/index.php?rest_route=\/wp\/v2\/users\/1"}],"replies":[{"embeddable":true,"href":"https:\/\/wiiyanbushido.com\/index.php?rest_route=%2Fwp%2Fv2%2Fcomments&post=29"}],"version-history":[{"count":33,"href":"https:\/\/wiiyanbushido.com\/index.php?rest_route=\/wp\/v2\/pages\/29\/revisions"}],"predecessor-version":[{"id":1521,"href":"https:\/\/wiiyanbushido.com\/index.php?rest_route=\/wp\/v2\/pages\/29\/revisions\/1521"}],"wp:attachment":[{"href":"https:\/\/wiiyanbushido.com\/index.php?rest_route=%2Fwp%2Fv2%2Fmedia&parent=29"}],"curies":[{"name":"wp","href":"https:\/\/api.w.org\/{rel}","templated":true}]}}