{"id":2,"date":"2023-10-25T10:49:49","date_gmt":"2023-10-25T10:49:49","guid":{"rendered":"http:\/\/wiiyanbushido.com\/?page_id=2"},"modified":"2025-09-08T04:29:38","modified_gmt":"2025-09-08T04:29:38","slug":"sample-page","status":"publish","type":"page","link":"https:\/\/wiiyanbushido.com\/?page_id=2","title":{"rendered":"St Br\u00e8s"},"content":{"rendered":"\n<div class=\"wp-block-group\"><div class=\"wp-block-group__inner-container is-layout-constrained wp-block-group-is-layout-constrained\">\n<p><strong>Yoga<\/strong><\/p>\n\n\n\n<p class=\"has-black-color has-text-color\"><strong>Reprendre le contr\u00f4le de son corps, de sa respiration, de son mental le tout gr\u00e2ce \u00e0 la pratique du yoga.<\/strong><\/p>\n\n\n\n<p class=\"has-black-color has-text-color\"><strong>Travailler les articulations, les muscles en profondeur, la circulation, la souplesse, l&rsquo;\u00e9quilibre et la confiance en soi gr\u00e2ce aux diff\u00e9rentes postures.<\/strong><\/p>\n\n\n\n<p class=\"has-black-color has-text-color\"><strong>S&rsquo;apaiser, soutenir son corps pendant l&rsquo;effort, concentrer son esprit par la respiration.<\/strong><\/p>\n\n\n\n<p class=\"has-black-color has-text-color\"><strong>Un temps pour soi avant comme apr\u00e8s l&rsquo;effort, le plaisir de ressentir le l\u00e2cher prise en toute conscience pour \u00e9viter la surcharge \u00e9motionnelle \u00e0 travers la m\u00e9ditation.<\/strong><\/p>\n\n\n\n<p class=\"has-black-color has-text-color\"><strong>\u200bApr\u00e8s avoir suivi les cours de Qi Qong et de Tai Chi aupr\u00e8s de Fr\u00e9d\u00e9ric BERNAL, j&rsquo;ai d\u00e9couvert l&rsquo;\u00e9nergie \u00e0 travers une forme de Re\u00efki.<\/strong><\/p>\n\n\n\n<p class=\"has-black-color has-text-color\"><strong>Dans mon cheminement, j&rsquo;ai fait la rencontre du Yoga en la personne de Joelle PIEDRA. Suite \u00e0 ses cours, l&rsquo;envie de transmettre m&rsquo;est venue naturellement. J&rsquo;ai donc suivi la formation Yogivibe afin de pouvoir enseigner \u00e0 mon tour.<\/strong><\/p>\n\n\n\n<p class=\"has-black-color has-text-color\"><strong>Horaires &amp; Lieux<\/strong><\/p>\n\n\n\n<p class=\"has-black-color has-text-color\"><strong>Les lundis :<\/strong><\/p>\n\n\n\n<p class=\"has-black-color has-text-color\"><strong>19h15 \u00e0 20h15 salle de <strong>Dojo (face au parc de l&rsquo;escargot)<\/strong><\/strong><\/p>\n\n\n\n<p class=\"has-black-color has-text-color\"><strong>Les mercredis :<\/strong><\/p>\n\n\n\n<p><strong>9h30 \u00e0 10h30 salle de gym place de la Ramade<\/strong><\/p>\n\n\n\n<p class=\"has-black-color has-text-color\"><strong>19h15 \u00e0 20h15 salle de gym place de la Ramade<\/strong><\/p>\n\n\n\n<p><strong>Les jeudis :<\/strong><\/p>\n\n\n\n<p>1<strong>9h15 \u00e0 20h15 salle de gym place de la Ramade<\/strong>.<\/p>\n\n\n\n<p><strong>Infos : 06 07 07 78 51<\/strong><\/p>\n<\/div><\/div>\n\n\n\n<p><\/p>\n\n\n\n<figure class=\"wp-block-gallery has-nested-images columns-default is-cropped wp-block-gallery-1 is-layout-flex wp-block-gallery-is-layout-flex\">\n<figure class=\"wp-block-image size-large is-style-rounded\"><img loading=\"lazy\" decoding=\"async\" width=\"307\" height=\"575\" data-id=\"332\" src=\"https:\/\/wiiyanbushido.com\/wp-content\/uploads\/2025\/01\/wa_import.jpg\" alt=\"\" class=\"wp-image-332\" srcset=\"https:\/\/wiiyanbushido.com\/wp-content\/uploads\/2025\/01\/wa_import.jpg 307w, https:\/\/wiiyanbushido.com\/wp-content\/uploads\/2025\/01\/wa_import-160x300.jpg 160w\" sizes=\"auto, (max-width: 307px) 100vw, 307px\" \/><figcaption class=\"wp-element-caption\">H\u00e9l\u00e8ne <br>Co-Fondatrice Originel<\/figcaption><\/figure>\n\n\n\n<figure class=\"wp-block-image size-large\"><img loading=\"lazy\" decoding=\"async\" width=\"1024\" height=\"722\" data-id=\"37\" src=\"https:\/\/wiiyanbushido.com\/wp-content\/uploads\/2023\/10\/Sans_20titre-1-1024x722.png\" alt=\"\" class=\"wp-image-37\" srcset=\"https:\/\/wiiyanbushido.com\/wp-content\/uploads\/2023\/10\/Sans_20titre-1-1024x722.png 1024w, https:\/\/wiiyanbushido.com\/wp-content\/uploads\/2023\/10\/Sans_20titre-1-300x212.png 300w, https:\/\/wiiyanbushido.com\/wp-content\/uploads\/2023\/10\/Sans_20titre-1-768x542.png 768w, https:\/\/wiiyanbushido.com\/wp-content\/uploads\/2023\/10\/Sans_20titre-1.png 1219w\" sizes=\"auto, (max-width: 1024px) 100vw, 1024px\" \/><\/figure>\n\n\n\n<figure class=\"wp-block-image size-large\"><img loading=\"lazy\" decoding=\"async\" width=\"998\" height=\"704\" data-id=\"203\" src=\"https:\/\/wiiyanbushido.com\/wp-content\/uploads\/2024\/08\/anatomie.png\" alt=\"\" class=\"wp-image-203\" srcset=\"https:\/\/wiiyanbushido.com\/wp-content\/uploads\/2024\/08\/anatomie.png 998w, https:\/\/wiiyanbushido.com\/wp-content\/uploads\/2024\/08\/anatomie-300x212.png 300w, https:\/\/wiiyanbushido.com\/wp-content\/uploads\/2024\/08\/anatomie-768x542.png 768w\" sizes=\"auto, (max-width: 998px) 100vw, 998px\" \/><\/figure>\n\n\n\n<figure class=\"wp-block-image size-large\"><img loading=\"lazy\" decoding=\"async\" width=\"150\" height=\"150\" data-id=\"35\" src=\"https:\/\/wiiyanbushido.com\/wp-content\/uploads\/2023\/10\/t_C3_A9l_C3_A9chargement.png\" alt=\"\" class=\"wp-image-35\"\/><\/figure>\n\n\n\n<figure class=\"wp-block-image size-large\"><img loading=\"lazy\" decoding=\"async\" width=\"1024\" height=\"656\" data-id=\"38\" src=\"https:\/\/wiiyanbushido.com\/wp-content\/uploads\/2023\/10\/IMG_20170908_225042-1024x656.jpg\" alt=\"\" class=\"wp-image-38\" srcset=\"https:\/\/wiiyanbushido.com\/wp-content\/uploads\/2023\/10\/IMG_20170908_225042-1024x656.jpg 1024w, https:\/\/wiiyanbushido.com\/wp-content\/uploads\/2023\/10\/IMG_20170908_225042-300x192.jpg 300w, https:\/\/wiiyanbushido.com\/wp-content\/uploads\/2023\/10\/IMG_20170908_225042-768x492.jpg 768w, https:\/\/wiiyanbushido.com\/wp-content\/uploads\/2023\/10\/IMG_20170908_225042.jpg 1279w\" sizes=\"auto, (max-width: 1024px) 100vw, 1024px\" \/><\/figure>\n\n\n\n<figure class=\"wp-block-image size-large\"><img loading=\"lazy\" decoding=\"async\" width=\"100\" height=\"100\" data-id=\"36\" src=\"https:\/\/wiiyanbushido.com\/wp-content\/uploads\/2023\/10\/t_C3_A9l_C3_A9chargement_20_281_29.png\" alt=\"\" class=\"wp-image-36\"\/><\/figure>\n\n\n\n<figure class=\"wp-block-image size-large\"><img loading=\"lazy\" decoding=\"async\" width=\"1024\" height=\"725\" data-id=\"265\" src=\"https:\/\/wiiyanbushido.com\/wp-content\/uploads\/2024\/11\/diapason-1024x725.jpg\" alt=\"\" class=\"wp-image-265\" srcset=\"https:\/\/wiiyanbushido.com\/wp-content\/uploads\/2024\/11\/diapason-1024x725.jpg 1024w, https:\/\/wiiyanbushido.com\/wp-content\/uploads\/2024\/11\/diapason-300x212.jpg 300w, https:\/\/wiiyanbushido.com\/wp-content\/uploads\/2024\/11\/diapason-768x543.jpg 768w, https:\/\/wiiyanbushido.com\/wp-content\/uploads\/2024\/11\/diapason-1536x1087.jpg 1536w, https:\/\/wiiyanbushido.com\/wp-content\/uploads\/2024\/11\/diapason-2048x1449.jpg 2048w\" sizes=\"auto, (max-width: 1024px) 100vw, 1024px\" \/><\/figure>\n<\/figure>\n\n\n\n<figure class=\"wp-block-gallery aligncenter has-nested-images columns-default is-cropped wp-block-gallery-2 is-layout-flex wp-block-gallery-is-layout-flex\">\n<figure class=\"wp-block-image size-full\"><img loading=\"lazy\" decoding=\"async\" width=\"220\" height=\"220\" data-id=\"50\" src=\"https:\/\/wiiyanbushido.com\/wp-content\/uploads\/2023\/10\/pascal.png\" alt=\"\" class=\"wp-image-50\" srcset=\"https:\/\/wiiyanbushido.com\/wp-content\/uploads\/2023\/10\/pascal.png 220w, https:\/\/wiiyanbushido.com\/wp-content\/uploads\/2023\/10\/pascal-150x150.png 150w\" sizes=\"auto, (max-width: 220px) 100vw, 220px\" \/><figcaption class=\"wp-element-caption\">Pascal Pr\u00e9sident Cofondateur<\/figcaption><\/figure>\n<\/figure>\n\n\n\n<figure class=\"wp-block-gallery aligncenter has-nested-images columns-default is-cropped wp-block-gallery-3 is-layout-flex wp-block-gallery-is-layout-flex\">\n<figure class=\"wp-block-image size-full\"><img loading=\"lazy\" decoding=\"async\" width=\"635\" height=\"635\" data-id=\"1442\" src=\"https:\/\/wiiyanbushido.com\/wp-content\/uploads\/2025\/07\/466969779_10235470047041446_8392053940778005578_n.jpg\" alt=\"\" class=\"wp-image-1442\" srcset=\"https:\/\/wiiyanbushido.com\/wp-content\/uploads\/2025\/07\/466969779_10235470047041446_8392053940778005578_n.jpg 635w, https:\/\/wiiyanbushido.com\/wp-content\/uploads\/2025\/07\/466969779_10235470047041446_8392053940778005578_n-300x300.jpg 300w, https:\/\/wiiyanbushido.com\/wp-content\/uploads\/2025\/07\/466969779_10235470047041446_8392053940778005578_n-150x150.jpg 150w\" sizes=\"auto, (max-width: 635px) 100vw, 635px\" \/><figcaption class=\"wp-element-caption\">Thyra Tr\u00e9sorier Cofondateur<\/figcaption><\/figure>\n<\/figure>\n\n\n\n<p><\/p>\n","protected":false},"excerpt":{"rendered":"<p>Yoga Reprendre le contr\u00f4le de son corps, de sa respiration, de son mental le tout gr\u00e2ce \u00e0 la pratique du yoga. Travailler les articulations, les [&hellip;]<\/p>\n","protected":false},"author":1,"featured_media":0,"parent":0,"menu_order":0,"comment_status":"closed","ping_status":"open","template":"","meta":{"footnotes":""},"class_list":["post-2","page","type-page","status-publish","hentry"],"_links":{"self":[{"href":"https:\/\/wiiyanbushido.com\/index.php?rest_route=\/wp\/v2\/pages\/2","targetHints":{"allow":["GET"]}}],"collection":[{"href":"https:\/\/wiiyanbushido.com\/index.php?rest_route=\/wp\/v2\/pages"}],"about":[{"href":"https:\/\/wiiyanbushido.com\/index.php?rest_route=\/wp\/v2\/types\/page"}],"author":[{"embeddable":true,"href":"https:\/\/wiiyanbushido.com\/index.php?rest_route=\/wp\/v2\/users\/1"}],"replies":[{"embeddable":true,"href":"https:\/\/wiiyanbushido.com\/index.php?rest_route=%2Fwp%2Fv2%2Fcomments&post=2"}],"version-history":[{"count":27,"href":"https:\/\/wiiyanbushido.com\/index.php?rest_route=\/wp\/v2\/pages\/2\/revisions"}],"predecessor-version":[{"id":1537,"href":"https:\/\/wiiyanbushido.com\/index.php?rest_route=\/wp\/v2\/pages\/2\/revisions\/1537"}],"wp:attachment":[{"href":"https:\/\/wiiyanbushido.com\/index.php?rest_route=%2Fwp%2Fv2%2Fmedia&parent=2"}],"curies":[{"name":"wp","href":"https:\/\/api.w.org\/{rel}","templated":true}]}}