{"id":18,"date":"2023-10-25T11:22:57","date_gmt":"2023-10-25T11:22:57","guid":{"rendered":"https:\/\/wiiyanbushido.com\/?page_id=18"},"modified":"2025-09-03T17:59:10","modified_gmt":"2025-09-03T17:59:10","slug":"les-lieux","status":"publish","type":"page","link":"https:\/\/wiiyanbushido.com\/?page_id=18","title":{"rendered":"Lieux"},"content":{"rendered":"\n<h2 class=\"wp-block-heading\">Wiiyan Yoga<\/h2>\n\n\n\n<ul class=\"wp-block-list\">\n<li>9 Place de la Ramade<\/li>\n<\/ul>\n\n\n\n<p class=\"has-black-color has-text-color\">34 670 St Br\u00e8s<\/p>\n\n\n\n<p class=\"has-black-color has-text-color\">L&rsquo;entr\u00e9e se situe entre l&rsquo;entr\u00e9e de la biblioth\u00e8que et le distributeur automatique<\/p>\n\n\n\n<ul class=\"wp-block-list\">\n<li>Rue des Jardins<\/li>\n<\/ul>\n\n\n\n<p class=\"has-black-color has-text-color\">l&rsquo;entr\u00e9e se situe entre la salle des rencontres (mariages) et la salle de l&rsquo;Escargot<\/p>\n\n\n\n<p class=\"has-black-color has-text-color\">34670 Saint-Br\u00e8s<\/p>\n\n\n\n<p class=\"has-black-color has-text-color\">Les lundis : 19h15 \u00e0 20h15 salle de gym place de la Dojo (face au parc de l\u2019escargot. Cf site internet)<\/p>\n\n\n\n<ul class=\"wp-block-list\">\n<li>Les mercredis : 9h30 \u00e0 10h30 salle de gym place de la Ramade \/ 19h15 \u00e0 20h15 salle de gym place de la Ramade<\/li>\n\n\n\n<li>Les jeudis : 19h15 \u00e0 20h15 salle de gym place de la Ramade.<\/li>\n<\/ul>\n\n\n\n<p class=\"has-black-color has-text-color\">Infos : 06 07 07 78 51 &#8211; wiiyanbushido@gmail.com<\/p>\n\n\n\n<figure class=\"wp-block-gallery has-nested-images columns-default is-cropped wp-block-gallery-1 is-layout-flex wp-block-gallery-is-layout-flex\">\n<figure class=\"wp-block-image size-large\"><img loading=\"lazy\" decoding=\"async\" width=\"937\" height=\"540\" data-id=\"19\" src=\"https:\/\/wiiyanbushido.com\/wp-content\/uploads\/2023\/10\/entr_C3_A9e.png\" alt=\"9 Place de la Ramade 34 670 St Br\u00e8s L'entr\u00e9e se situe entre l'entr\u00e9e de la biblioth\u00e8que et le distributeur automatique\" class=\"wp-image-19\" srcset=\"https:\/\/wiiyanbushido.com\/wp-content\/uploads\/2023\/10\/entr_C3_A9e.png 937w, https:\/\/wiiyanbushido.com\/wp-content\/uploads\/2023\/10\/entr_C3_A9e-300x173.png 300w, https:\/\/wiiyanbushido.com\/wp-content\/uploads\/2023\/10\/entr_C3_A9e-768x443.png 768w\" sizes=\"auto, (max-width: 937px) 100vw, 937px\" \/><\/figure>\n\n\n\n<figure class=\"wp-block-image size-large\"><img loading=\"lazy\" decoding=\"async\" width=\"1024\" height=\"460\" data-id=\"328\" src=\"https:\/\/wiiyanbushido.com\/wp-content\/uploads\/2025\/01\/Capture-1024x460.png\" alt=\"\" class=\"wp-image-328\" srcset=\"https:\/\/wiiyanbushido.com\/wp-content\/uploads\/2025\/01\/Capture-1024x460.png 1024w, https:\/\/wiiyanbushido.com\/wp-content\/uploads\/2025\/01\/Capture-300x135.png 300w, https:\/\/wiiyanbushido.com\/wp-content\/uploads\/2025\/01\/Capture-768x345.png 768w, https:\/\/wiiyanbushido.com\/wp-content\/uploads\/2025\/01\/Capture.png 1149w\" sizes=\"auto, (max-width: 1024px) 100vw, 1024px\" \/><\/figure>\n<\/figure>\n\n\n\n<h2 class=\"wp-block-heading\">Wiiyan Baillargues<\/h2>\n\n\n\n<p class=\"has-black-color has-text-color\">Gymnase Roger BAMBUCK<\/p>\n\n\n\n<p class=\"has-black-color has-text-color\">Chemin du Pradas, 34670 Baillargues<\/p>\n\n\n\n<p class=\"has-black-color has-text-color\">43.668078, 4.021265<\/p>\n\n\n\n<ul class=\"wp-block-list\">\n<li>Adultes (\u00e0 partir de 16 ans et en fonction de la maturit\u00e9 et l\u2019implication des \u00e9l\u00e8ves)<\/li>\n\n\n\n<li>Adolescent (Minimes 12-13ans \/ Cadet 14-15ans et Juniors 16-17ans)<\/li>\n\n\n\n<li>Enfant (Poussins 6-7ans \/ Pupilles 8-9ans \/ Benjamins 10-11ans)<\/li>\n<\/ul>\n\n\n\n<ol class=\"wp-block-list\">\n<li>Adultes, le mardi et jeudi de 19h30 jusqu\u2019\u00e0 21h<\/li>\n\n\n\n<li>Adolescent, le lundi de 19h jusqu\u2019\u00e0 20h et mercredi de 20h \u00e0 21h<\/li>\n\n\n\n<li>Enfant, le mardi et jeudi de 18h30 jusqu\u2019\u00e0 19h30<\/li>\n<\/ol>\n\n\n\n<p>Infos : 07.66.54.63.71 &#8211; wiiyan.baillargues@gmail.com<\/p>\n\n\n\n<figure class=\"wp-block-gallery has-nested-images columns-default is-cropped wp-block-gallery-2 is-layout-flex wp-block-gallery-is-layout-flex\">\n<figure class=\"wp-block-image size-large\"><img loading=\"lazy\" decoding=\"async\" width=\"1024\" height=\"462\" data-id=\"21\" src=\"https:\/\/wiiyanbushido.com\/wp-content\/uploads\/2023\/10\/entr_C3_A9e_20dojo-1024x462.png\" alt=\"\" class=\"wp-image-21\" srcset=\"https:\/\/wiiyanbushido.com\/wp-content\/uploads\/2023\/10\/entr_C3_A9e_20dojo-1024x462.png 1024w, https:\/\/wiiyanbushido.com\/wp-content\/uploads\/2023\/10\/entr_C3_A9e_20dojo-300x135.png 300w, https:\/\/wiiyanbushido.com\/wp-content\/uploads\/2023\/10\/entr_C3_A9e_20dojo-768x347.png 768w, https:\/\/wiiyanbushido.com\/wp-content\/uploads\/2023\/10\/entr_C3_A9e_20dojo.png 1280w\" sizes=\"auto, (max-width: 1024px) 100vw, 1024px\" \/><\/figure>\n<\/figure>\n\n\n\n<h2 class=\"wp-block-heading\">Wiiyan Lansargues (Muay)<\/h2>\n\n\n\n<p><strong>Halles des sports de Lansargues<\/strong><\/p>\n\n\n\n<p>110 chemin de l&rsquo;Arboras<br>34130 LANSARGUES<\/p>\n\n\n\n<p>Mardi &amp; Vendredi : 19h30-21h30 Gymnase de Lansargues<\/p>\n\n\n\n<p>N\u2019ayant pas assez de cr\u00e9neaux, l\u2019activit\u00e9s est r\u00e9serv\u00e9e aux personnes de 16 ans et plus<\/p>\n\n\n\n<p>Infos : 06.04.05.67.96 &#8211; wiiyan.lansargues@gmail.com<\/p>\n\n\n\n<figure class=\"wp-block-image size-full is-resized\"><img loading=\"lazy\" decoding=\"async\" width=\"689\" height=\"388\" src=\"https:\/\/wiiyanbushido.com\/wp-content\/uploads\/2025\/07\/equipements-lansargues.jpg\" alt=\"\" class=\"wp-image-1366\" style=\"width:1210px;height:auto\" srcset=\"https:\/\/wiiyanbushido.com\/wp-content\/uploads\/2025\/07\/equipements-lansargues.jpg 689w, https:\/\/wiiyanbushido.com\/wp-content\/uploads\/2025\/07\/equipements-lansargues-300x169.jpg 300w\" sizes=\"auto, (max-width: 689px) 100vw, 689px\" \/><\/figure>\n","protected":false},"excerpt":{"rendered":"<p>Wiiyan Yoga 34 670 St Br\u00e8s L&rsquo;entr\u00e9e se situe entre l&rsquo;entr\u00e9e de la biblioth\u00e8que et le distributeur automatique l&rsquo;entr\u00e9e se situe entre la salle des [&hellip;]<\/p>\n","protected":false},"author":1,"featured_media":0,"parent":0,"menu_order":0,"comment_status":"closed","ping_status":"closed","template":"","meta":{"footnotes":""},"class_list":["post-18","page","type-page","status-publish","hentry"],"_links":{"self":[{"href":"https:\/\/wiiyanbushido.com\/index.php?rest_route=\/wp\/v2\/pages\/18","targetHints":{"allow":["GET"]}}],"collection":[{"href":"https:\/\/wiiyanbushido.com\/index.php?rest_route=\/wp\/v2\/pages"}],"about":[{"href":"https:\/\/wiiyanbushido.com\/index.php?rest_route=\/wp\/v2\/types\/page"}],"author":[{"embeddable":true,"href":"https:\/\/wiiyanbushido.com\/index.php?rest_route=\/wp\/v2\/users\/1"}],"replies":[{"embeddable":true,"href":"https:\/\/wiiyanbushido.com\/index.php?rest_route=%2Fwp%2Fv2%2Fcomments&post=18"}],"version-history":[{"count":15,"href":"https:\/\/wiiyanbushido.com\/index.php?rest_route=\/wp\/v2\/pages\/18\/revisions"}],"predecessor-version":[{"id":1522,"href":"https:\/\/wiiyanbushido.com\/index.php?rest_route=\/wp\/v2\/pages\/18\/revisions\/1522"}],"wp:attachment":[{"href":"https:\/\/wiiyanbushido.com\/index.php?rest_route=%2Fwp%2Fv2%2Fmedia&parent=18"}],"curies":[{"name":"wp","href":"https:\/\/api.w.org\/{rel}","templated":true}]}}