{"id":1375,"date":"2025-07-22T08:07:03","date_gmt":"2025-07-22T08:07:03","guid":{"rendered":"https:\/\/wiiyanbushido.com\/?page_id=1375"},"modified":"2025-08-27T08:47:51","modified_gmt":"2025-08-27T08:47:51","slug":"les-enseignants-page-en-construction","status":"publish","type":"page","link":"https:\/\/wiiyanbushido.com\/?page_id=1375","title":{"rendered":"Les enseignants"},"content":{"rendered":"\n<p class=\"has-text-align-center\"><\/p>\n\n\n\n<figure class=\"wp-block-gallery has-nested-images columns-default is-cropped wp-block-gallery-1 is-layout-flex wp-block-gallery-is-layout-flex\">\n<figure class=\"wp-block-image size-large is-style-rounded\"><img loading=\"lazy\" decoding=\"async\" width=\"683\" height=\"726\" data-id=\"113\" src=\"https:\/\/wiiyanbushido.com\/wp-content\/uploads\/2023\/10\/273453508_250331303923142_7130172639052774862_n-1.jpg\" alt=\"\" class=\"wp-image-113\" srcset=\"https:\/\/wiiyanbushido.com\/wp-content\/uploads\/2023\/10\/273453508_250331303923142_7130172639052774862_n-1.jpg 683w, https:\/\/wiiyanbushido.com\/wp-content\/uploads\/2023\/10\/273453508_250331303923142_7130172639052774862_n-1-282x300.jpg 282w\" sizes=\"auto, (max-width: 683px) 100vw, 683px\" \/><figcaption class=\"wp-element-caption\">Fr\u00e9d<\/figcaption><\/figure>\n\n\n\n<figure class=\"wp-block-image size-large\"><img loading=\"lazy\" decoding=\"async\" width=\"1024\" height=\"746\" data-id=\"51\" src=\"https:\/\/wiiyanbushido.com\/wp-content\/uploads\/2023\/10\/BFMT1_20N_C2_B0256_20BIDAUD_20Fr_C3_A9d_C3_A9ric_20-1024x746.jpg\" alt=\"\" class=\"wp-image-51\" srcset=\"https:\/\/wiiyanbushido.com\/wp-content\/uploads\/2023\/10\/BFMT1_20N_C2_B0256_20BIDAUD_20Fr_C3_A9d_C3_A9ric_20-1024x746.jpg 1024w, https:\/\/wiiyanbushido.com\/wp-content\/uploads\/2023\/10\/BFMT1_20N_C2_B0256_20BIDAUD_20Fr_C3_A9d_C3_A9ric_20-300x218.jpg 300w, https:\/\/wiiyanbushido.com\/wp-content\/uploads\/2023\/10\/BFMT1_20N_C2_B0256_20BIDAUD_20Fr_C3_A9d_C3_A9ric_20-768x559.jpg 768w, https:\/\/wiiyanbushido.com\/wp-content\/uploads\/2023\/10\/BFMT1_20N_C2_B0256_20BIDAUD_20Fr_C3_A9d_C3_A9ric_20.jpg 1199w\" sizes=\"auto, (max-width: 1024px) 100vw, 1024px\" \/><figcaption class=\"wp-element-caption\">Fr\u00e9d<\/figcaption><\/figure>\n<\/figure>\n\n\n\n<figure class=\"wp-block-gallery has-nested-images columns-default is-cropped wp-block-gallery-2 is-layout-flex wp-block-gallery-is-layout-flex\">\n<figure class=\"wp-block-image size-large is-style-rounded\"><img loading=\"lazy\" decoding=\"async\" width=\"220\" height=\"220\" data-id=\"50\" src=\"https:\/\/wiiyanbushido.com\/wp-content\/uploads\/2023\/10\/pascal.png\" alt=\"\" class=\"wp-image-50\" srcset=\"https:\/\/wiiyanbushido.com\/wp-content\/uploads\/2023\/10\/pascal.png 220w, https:\/\/wiiyanbushido.com\/wp-content\/uploads\/2023\/10\/pascal-150x150.png 150w\" sizes=\"auto, (max-width: 220px) 100vw, 220px\" \/><figcaption class=\"wp-element-caption\">Pascal<\/figcaption><\/figure>\n\n\n\n<figure class=\"wp-block-image size-large\"><img loading=\"lazy\" decoding=\"async\" width=\"1024\" height=\"746\" data-id=\"49\" src=\"https:\/\/wiiyanbushido.com\/wp-content\/uploads\/2023\/10\/379662616_850161993426016_3906601819020827423_n-1024x746.jpg\" alt=\"\" class=\"wp-image-49\" srcset=\"https:\/\/wiiyanbushido.com\/wp-content\/uploads\/2023\/10\/379662616_850161993426016_3906601819020827423_n-1024x746.jpg 1024w, https:\/\/wiiyanbushido.com\/wp-content\/uploads\/2023\/10\/379662616_850161993426016_3906601819020827423_n-300x218.jpg 300w, https:\/\/wiiyanbushido.com\/wp-content\/uploads\/2023\/10\/379662616_850161993426016_3906601819020827423_n-768x559.jpg 768w, https:\/\/wiiyanbushido.com\/wp-content\/uploads\/2023\/10\/379662616_850161993426016_3906601819020827423_n.jpg 1199w\" sizes=\"auto, (max-width: 1024px) 100vw, 1024px\" \/><\/figure>\n<\/figure>\n\n\n\n<figure class=\"wp-block-gallery has-nested-images columns-default is-cropped wp-block-gallery-3 is-layout-flex wp-block-gallery-is-layout-flex\">\n<figure class=\"wp-block-image size-large is-style-rounded\"><img loading=\"lazy\" decoding=\"async\" width=\"768\" height=\"1024\" data-id=\"199\" src=\"https:\/\/wiiyanbushido.com\/wp-content\/uploads\/2024\/07\/antoin-768x1024.jpg\" alt=\"\" class=\"wp-image-199\" srcset=\"https:\/\/wiiyanbushido.com\/wp-content\/uploads\/2024\/07\/antoin-768x1024.jpg 768w, https:\/\/wiiyanbushido.com\/wp-content\/uploads\/2024\/07\/antoin-225x300.jpg 225w, https:\/\/wiiyanbushido.com\/wp-content\/uploads\/2024\/07\/antoin-1152x1536.jpg 1152w, https:\/\/wiiyanbushido.com\/wp-content\/uploads\/2024\/07\/antoin.jpg 1200w\" sizes=\"auto, (max-width: 768px) 100vw, 768px\" \/><figcaption class=\"wp-element-caption\">Antoine<\/figcaption><\/figure>\n\n\n\n<figure class=\"wp-block-image size-large\"><img loading=\"lazy\" decoding=\"async\" width=\"1024\" height=\"724\" data-id=\"1376\" src=\"https:\/\/wiiyanbushido.com\/wp-content\/uploads\/2025\/07\/chick-1024x724.png\" alt=\"\" class=\"wp-image-1376\" srcset=\"https:\/\/wiiyanbushido.com\/wp-content\/uploads\/2025\/07\/chick-1024x724.png 1024w, https:\/\/wiiyanbushido.com\/wp-content\/uploads\/2025\/07\/chick-300x212.png 300w, https:\/\/wiiyanbushido.com\/wp-content\/uploads\/2025\/07\/chick-768x543.png 768w, https:\/\/wiiyanbushido.com\/wp-content\/uploads\/2025\/07\/chick.png 1125w\" sizes=\"auto, (max-width: 1024px) 100vw, 1024px\" \/><\/figure>\n\n\n\n<figure class=\"wp-block-image size-large\"><img loading=\"lazy\" decoding=\"async\" width=\"1024\" height=\"723\" data-id=\"1377\" src=\"https:\/\/wiiyanbushido.com\/wp-content\/uploads\/2025\/07\/chicken-1024x723.jpg\" alt=\"\" class=\"wp-image-1377\" srcset=\"https:\/\/wiiyanbushido.com\/wp-content\/uploads\/2025\/07\/chicken-1024x723.jpg 1024w, https:\/\/wiiyanbushido.com\/wp-content\/uploads\/2025\/07\/chicken-300x212.jpg 300w, https:\/\/wiiyanbushido.com\/wp-content\/uploads\/2025\/07\/chicken-768x542.jpg 768w, https:\/\/wiiyanbushido.com\/wp-content\/uploads\/2025\/07\/chicken-1536x1084.jpg 1536w, https:\/\/wiiyanbushido.com\/wp-content\/uploads\/2025\/07\/chicken-2048x1445.jpg 2048w\" sizes=\"auto, (max-width: 1024px) 100vw, 1024px\" \/><\/figure>\n<\/figure>\n\n\n\n<figure class=\"wp-block-gallery has-nested-images columns-default is-cropped wp-block-gallery-4 is-layout-flex wp-block-gallery-is-layout-flex\">\n<figure class=\"wp-block-image size-large is-style-rounded\"><img loading=\"lazy\" decoding=\"async\" width=\"531\" height=\"597\" data-id=\"1363\" src=\"https:\/\/wiiyanbushido.com\/wp-content\/uploads\/2025\/07\/romain.png\" alt=\"\" class=\"wp-image-1363\" srcset=\"https:\/\/wiiyanbushido.com\/wp-content\/uploads\/2025\/07\/romain.png 531w, https:\/\/wiiyanbushido.com\/wp-content\/uploads\/2025\/07\/romain-267x300.png 267w\" sizes=\"auto, (max-width: 531px) 100vw, 531px\" \/><figcaption class=\"wp-element-caption\">Romain<\/figcaption><\/figure>\n\n\n\n<figure class=\"wp-block-image size-large\"><img loading=\"lazy\" decoding=\"async\" width=\"1024\" height=\"726\" data-id=\"315\" src=\"https:\/\/wiiyanbushido.com\/wp-content\/uploads\/2025\/01\/romain-1024x726.png\" alt=\"\" class=\"wp-image-315\" srcset=\"https:\/\/wiiyanbushido.com\/wp-content\/uploads\/2025\/01\/romain-1024x726.png 1024w, https:\/\/wiiyanbushido.com\/wp-content\/uploads\/2025\/01\/romain-300x213.png 300w, https:\/\/wiiyanbushido.com\/wp-content\/uploads\/2025\/01\/romain-768x544.png 768w, https:\/\/wiiyanbushido.com\/wp-content\/uploads\/2025\/01\/romain.png 1122w\" sizes=\"auto, (max-width: 1024px) 100vw, 1024px\" \/><\/figure>\n\n\n\n<figure class=\"wp-block-image size-large\"><img loading=\"lazy\" decoding=\"async\" width=\"1024\" height=\"723\" data-id=\"1378\" src=\"https:\/\/wiiyanbushido.com\/wp-content\/uploads\/2025\/07\/Romain-1024x723.jpg\" alt=\"\" class=\"wp-image-1378\" srcset=\"https:\/\/wiiyanbushido.com\/wp-content\/uploads\/2025\/07\/Romain-1024x723.jpg 1024w, https:\/\/wiiyanbushido.com\/wp-content\/uploads\/2025\/07\/Romain-300x212.jpg 300w, https:\/\/wiiyanbushido.com\/wp-content\/uploads\/2025\/07\/Romain-768x542.jpg 768w, https:\/\/wiiyanbushido.com\/wp-content\/uploads\/2025\/07\/Romain-1536x1084.jpg 1536w, https:\/\/wiiyanbushido.com\/wp-content\/uploads\/2025\/07\/Romain-2048x1445.jpg 2048w\" sizes=\"auto, (max-width: 1024px) 100vw, 1024px\" \/><\/figure>\n<\/figure>\n\n\n\n<figure class=\"wp-block-gallery has-nested-images columns-default is-cropped wp-block-gallery-5 is-layout-flex wp-block-gallery-is-layout-flex\">\n<figure class=\"wp-block-image size-large is-style-rounded\"><img loading=\"lazy\" decoding=\"async\" width=\"475\" height=\"626\" data-id=\"1362\" src=\"https:\/\/wiiyanbushido.com\/wp-content\/uploads\/2025\/07\/Capture-1.png\" alt=\"\" class=\"wp-image-1362\" srcset=\"https:\/\/wiiyanbushido.com\/wp-content\/uploads\/2025\/07\/Capture-1.png 475w, https:\/\/wiiyanbushido.com\/wp-content\/uploads\/2025\/07\/Capture-1-228x300.png 228w\" sizes=\"auto, (max-width: 475px) 100vw, 475px\" \/><figcaption class=\"wp-element-caption\">Lorenzo RAMEL<br>En attente de r\u00e9ception du BFMT1 AFMT<br><\/figcaption><\/figure>\n\n\n\n<figure class=\"wp-block-image size-large\"><img loading=\"lazy\" decoding=\"async\" width=\"1024\" height=\"721\" data-id=\"1382\" src=\"https:\/\/wiiyanbushido.com\/wp-content\/uploads\/2025\/07\/Lorenzo-1024x721.jpg\" alt=\"\" class=\"wp-image-1382\" srcset=\"https:\/\/wiiyanbushido.com\/wp-content\/uploads\/2025\/07\/Lorenzo-1024x721.jpg 1024w, https:\/\/wiiyanbushido.com\/wp-content\/uploads\/2025\/07\/Lorenzo-300x211.jpg 300w, https:\/\/wiiyanbushido.com\/wp-content\/uploads\/2025\/07\/Lorenzo-768x541.jpg 768w, https:\/\/wiiyanbushido.com\/wp-content\/uploads\/2025\/07\/Lorenzo-1536x1082.jpg 1536w, https:\/\/wiiyanbushido.com\/wp-content\/uploads\/2025\/07\/Lorenzo-2048x1443.jpg 2048w\" sizes=\"auto, (max-width: 1024px) 100vw, 1024px\" \/><\/figure>\n<\/figure>\n\n\n\n<figure class=\"wp-block-gallery has-nested-images columns-default is-cropped wp-block-gallery-6 is-layout-flex wp-block-gallery-is-layout-flex\">\n<figure class=\"wp-block-image size-large is-style-rounded\"><img loading=\"lazy\" decoding=\"async\" width=\"1024\" height=\"1024\" data-id=\"323\" src=\"https:\/\/wiiyanbushido.com\/wp-content\/uploads\/2025\/01\/facebook_1737965214434_7289554450763610523-1024x1024.jpg\" alt=\"\" class=\"wp-image-323\" srcset=\"https:\/\/wiiyanbushido.com\/wp-content\/uploads\/2025\/01\/facebook_1737965214434_7289554450763610523-1024x1024.jpg 1024w, https:\/\/wiiyanbushido.com\/wp-content\/uploads\/2025\/01\/facebook_1737965214434_7289554450763610523-300x300.jpg 300w, https:\/\/wiiyanbushido.com\/wp-content\/uploads\/2025\/01\/facebook_1737965214434_7289554450763610523-150x150.jpg 150w, https:\/\/wiiyanbushido.com\/wp-content\/uploads\/2025\/01\/facebook_1737965214434_7289554450763610523-768x768.jpg 768w, https:\/\/wiiyanbushido.com\/wp-content\/uploads\/2025\/01\/facebook_1737965214434_7289554450763610523.jpg 1080w\" sizes=\"auto, (max-width: 1024px) 100vw, 1024px\" \/><figcaption class=\"wp-element-caption\">Christophe RUIZ<\/figcaption><\/figure>\n\n\n\n<figure class=\"wp-block-image size-large\"><img loading=\"lazy\" decoding=\"async\" width=\"1024\" height=\"725\" data-id=\"346\" src=\"https:\/\/wiiyanbushido.com\/wp-content\/uploads\/2025\/02\/RUIZ-Christophe-1024x725.png\" alt=\"\" class=\"wp-image-346\" srcset=\"https:\/\/wiiyanbushido.com\/wp-content\/uploads\/2025\/02\/RUIZ-Christophe-1024x725.png 1024w, https:\/\/wiiyanbushido.com\/wp-content\/uploads\/2025\/02\/RUIZ-Christophe-300x213.png 300w, https:\/\/wiiyanbushido.com\/wp-content\/uploads\/2025\/02\/RUIZ-Christophe-768x544.png 768w, https:\/\/wiiyanbushido.com\/wp-content\/uploads\/2025\/02\/RUIZ-Christophe.png 1125w\" sizes=\"auto, (max-width: 1024px) 100vw, 1024px\" \/><\/figure>\n<\/figure>\n\n\n\n<figure class=\"wp-block-gallery has-nested-images columns-default is-cropped wp-block-gallery-7 is-layout-flex wp-block-gallery-is-layout-flex\">\n<figure class=\"wp-block-image size-large is-style-rounded\"><img loading=\"lazy\" decoding=\"async\" width=\"240\" height=\"240\" data-id=\"1445\" src=\"https:\/\/wiiyanbushido.com\/wp-content\/uploads\/2025\/07\/519576672_1057953216056510_7737919064892998560_n.jpg\" alt=\"\" class=\"wp-image-1445\" srcset=\"https:\/\/wiiyanbushido.com\/wp-content\/uploads\/2025\/07\/519576672_1057953216056510_7737919064892998560_n.jpg 240w, https:\/\/wiiyanbushido.com\/wp-content\/uploads\/2025\/07\/519576672_1057953216056510_7737919064892998560_n-150x150.jpg 150w\" sizes=\"auto, (max-width: 240px) 100vw, 240px\" \/><figcaption class=\"wp-element-caption\">R\u00e9my<\/figcaption><\/figure>\n\n\n\n<figure class=\"wp-block-image size-large\"><img loading=\"lazy\" decoding=\"async\" width=\"1024\" height=\"725\" data-id=\"1448\" src=\"https:\/\/wiiyanbushido.com\/wp-content\/uploads\/2025\/07\/bfmt1-BERGER-BIDAUD-Remy_page-0001-1024x725.jpg\" alt=\"\" class=\"wp-image-1448\" srcset=\"https:\/\/wiiyanbushido.com\/wp-content\/uploads\/2025\/07\/bfmt1-BERGER-BIDAUD-Remy_page-0001-1024x725.jpg 1024w, https:\/\/wiiyanbushido.com\/wp-content\/uploads\/2025\/07\/bfmt1-BERGER-BIDAUD-Remy_page-0001-300x212.jpg 300w, https:\/\/wiiyanbushido.com\/wp-content\/uploads\/2025\/07\/bfmt1-BERGER-BIDAUD-Remy_page-0001-768x543.jpg 768w, https:\/\/wiiyanbushido.com\/wp-content\/uploads\/2025\/07\/bfmt1-BERGER-BIDAUD-Remy_page-0001-1536x1087.jpg 1536w, https:\/\/wiiyanbushido.com\/wp-content\/uploads\/2025\/07\/bfmt1-BERGER-BIDAUD-Remy_page-0001.jpg 1754w\" sizes=\"auto, (max-width: 1024px) 100vw, 1024px\" \/><\/figure>\n<\/figure>\n\n\n\n<figure class=\"wp-block-gallery has-nested-images columns-default is-cropped wp-block-gallery-8 is-layout-flex wp-block-gallery-is-layout-flex\">\n<figure class=\"wp-block-image size-full is-style-rounded\"><img loading=\"lazy\" decoding=\"async\" width=\"814\" height=\"919\" data-id=\"1456\" src=\"https:\/\/wiiyanbushido.com\/wp-content\/uploads\/2025\/08\/IMG-20250723-WA0062.jpg\" alt=\"\" class=\"wp-image-1456\" srcset=\"https:\/\/wiiyanbushido.com\/wp-content\/uploads\/2025\/08\/IMG-20250723-WA0062.jpg 814w, https:\/\/wiiyanbushido.com\/wp-content\/uploads\/2025\/08\/IMG-20250723-WA0062-266x300.jpg 266w, https:\/\/wiiyanbushido.com\/wp-content\/uploads\/2025\/08\/IMG-20250723-WA0062-768x867.jpg 768w\" sizes=\"auto, (max-width: 814px) 100vw, 814px\" \/><figcaption class=\"wp-element-caption\">Lucas<\/figcaption><\/figure>\n\n\n\n<figure class=\"wp-block-image size-large\"><img loading=\"lazy\" decoding=\"async\" width=\"1024\" height=\"725\" data-id=\"1449\" src=\"https:\/\/wiiyanbushido.com\/wp-content\/uploads\/2025\/07\/bfmt1-NOTTELET-Lucas_page-0001-1024x725.jpg\" alt=\"\" class=\"wp-image-1449\" srcset=\"https:\/\/wiiyanbushido.com\/wp-content\/uploads\/2025\/07\/bfmt1-NOTTELET-Lucas_page-0001-1024x725.jpg 1024w, https:\/\/wiiyanbushido.com\/wp-content\/uploads\/2025\/07\/bfmt1-NOTTELET-Lucas_page-0001-300x212.jpg 300w, https:\/\/wiiyanbushido.com\/wp-content\/uploads\/2025\/07\/bfmt1-NOTTELET-Lucas_page-0001-768x543.jpg 768w, https:\/\/wiiyanbushido.com\/wp-content\/uploads\/2025\/07\/bfmt1-NOTTELET-Lucas_page-0001-1536x1087.jpg 1536w, https:\/\/wiiyanbushido.com\/wp-content\/uploads\/2025\/07\/bfmt1-NOTTELET-Lucas_page-0001.jpg 1754w\" sizes=\"auto, (max-width: 1024px) 100vw, 1024px\" \/><\/figure>\n\n\n\n<figure class=\"wp-block-image size-large\"><img loading=\"lazy\" decoding=\"async\" width=\"1024\" height=\"724\" data-id=\"1450\" src=\"https:\/\/wiiyanbushido.com\/wp-content\/uploads\/2025\/07\/Lucas-1-1024x724.jpg\" alt=\"\" class=\"wp-image-1450\" srcset=\"https:\/\/wiiyanbushido.com\/wp-content\/uploads\/2025\/07\/Lucas-1-1024x724.jpg 1024w, https:\/\/wiiyanbushido.com\/wp-content\/uploads\/2025\/07\/Lucas-1-300x212.jpg 300w, https:\/\/wiiyanbushido.com\/wp-content\/uploads\/2025\/07\/Lucas-1-768x543.jpg 768w, https:\/\/wiiyanbushido.com\/wp-content\/uploads\/2025\/07\/Lucas-1-1536x1086.jpg 1536w, https:\/\/wiiyanbushido.com\/wp-content\/uploads\/2025\/07\/Lucas-1-2048x1448.jpg 2048w\" sizes=\"auto, (max-width: 1024px) 100vw, 1024px\" \/><\/figure>\n<\/figure>\n\n\n\n<figure class=\"wp-block-gallery has-nested-images columns-default is-cropped wp-block-gallery-9 is-layout-flex wp-block-gallery-is-layout-flex\">\n<figure class=\"wp-block-image size-full is-style-rounded\"><img loading=\"lazy\" decoding=\"async\" width=\"448\" height=\"512\" data-id=\"1452\" src=\"https:\/\/wiiyanbushido.com\/wp-content\/uploads\/2025\/07\/ludo.png\" alt=\"\" class=\"wp-image-1452\" srcset=\"https:\/\/wiiyanbushido.com\/wp-content\/uploads\/2025\/07\/ludo.png 448w, https:\/\/wiiyanbushido.com\/wp-content\/uploads\/2025\/07\/ludo-263x300.png 263w\" sizes=\"auto, (max-width: 448px) 100vw, 448px\" \/><figcaption class=\"wp-element-caption\">Ludo<\/figcaption><\/figure>\n\n\n\n<figure class=\"wp-block-image size-large\"><img loading=\"lazy\" decoding=\"async\" width=\"1024\" height=\"721\" data-id=\"1451\" src=\"https:\/\/wiiyanbushido.com\/wp-content\/uploads\/2025\/07\/Ludo-2-1024x721.jpg\" alt=\"\" class=\"wp-image-1451\" srcset=\"https:\/\/wiiyanbushido.com\/wp-content\/uploads\/2025\/07\/Ludo-2-1024x721.jpg 1024w, https:\/\/wiiyanbushido.com\/wp-content\/uploads\/2025\/07\/Ludo-2-300x211.jpg 300w, https:\/\/wiiyanbushido.com\/wp-content\/uploads\/2025\/07\/Ludo-2-768x541.jpg 768w, https:\/\/wiiyanbushido.com\/wp-content\/uploads\/2025\/07\/Ludo-2-1536x1082.jpg 1536w, https:\/\/wiiyanbushido.com\/wp-content\/uploads\/2025\/07\/Ludo-2-2048x1443.jpg 2048w\" sizes=\"auto, (max-width: 1024px) 100vw, 1024px\" \/><\/figure>\n<\/figure>\n\n\n\n<figure class=\"wp-block-gallery has-nested-images columns-default is-cropped wp-block-gallery-10 is-layout-flex wp-block-gallery-is-layout-flex\">\n<figure class=\"wp-block-image size-large is-style-rounded\"><img loading=\"lazy\" decoding=\"async\" width=\"635\" height=\"635\" data-id=\"1442\" src=\"https:\/\/wiiyanbushido.com\/wp-content\/uploads\/2025\/07\/466969779_10235470047041446_8392053940778005578_n.jpg\" alt=\"\" class=\"wp-image-1442\" srcset=\"https:\/\/wiiyanbushido.com\/wp-content\/uploads\/2025\/07\/466969779_10235470047041446_8392053940778005578_n.jpg 635w, https:\/\/wiiyanbushido.com\/wp-content\/uploads\/2025\/07\/466969779_10235470047041446_8392053940778005578_n-300x300.jpg 300w, https:\/\/wiiyanbushido.com\/wp-content\/uploads\/2025\/07\/466969779_10235470047041446_8392053940778005578_n-150x150.jpg 150w\" sizes=\"auto, (max-width: 635px) 100vw, 635px\" \/><figcaption class=\"wp-element-caption\">Thyra Enseignant Co-Fondateur<\/figcaption><\/figure>\n\n\n\n<figure class=\"wp-block-image size-large\"><img loading=\"lazy\" decoding=\"async\" width=\"1024\" height=\"724\" data-id=\"31\" src=\"https:\/\/wiiyanbushido.com\/wp-content\/uploads\/2023\/10\/BFMT1-N203-Thirasack_page-0001-1024x724.jpg\" alt=\"\" class=\"wp-image-31\" srcset=\"https:\/\/wiiyanbushido.com\/wp-content\/uploads\/2023\/10\/BFMT1-N203-Thirasack_page-0001-1024x724.jpg 1024w, https:\/\/wiiyanbushido.com\/wp-content\/uploads\/2023\/10\/BFMT1-N203-Thirasack_page-0001-300x212.jpg 300w, https:\/\/wiiyanbushido.com\/wp-content\/uploads\/2023\/10\/BFMT1-N203-Thirasack_page-0001-768x543.jpg 768w, https:\/\/wiiyanbushido.com\/wp-content\/uploads\/2023\/10\/BFMT1-N203-Thirasack_page-0001.jpg 1217w\" sizes=\"auto, (max-width: 1024px) 100vw, 1024px\" \/><\/figure>\n\n\n\n<figure class=\"wp-block-image size-large\"><img loading=\"lazy\" decoding=\"async\" width=\"1024\" height=\"723\" data-id=\"30\" src=\"https:\/\/wiiyanbushido.com\/wp-content\/uploads\/2023\/10\/CAP_20Muay_20Thai-1024x723.png\" alt=\"\" class=\"wp-image-30\" srcset=\"https:\/\/wiiyanbushido.com\/wp-content\/uploads\/2023\/10\/CAP_20Muay_20Thai-1024x723.png 1024w, https:\/\/wiiyanbushido.com\/wp-content\/uploads\/2023\/10\/CAP_20Muay_20Thai-300x212.png 300w, https:\/\/wiiyanbushido.com\/wp-content\/uploads\/2023\/10\/CAP_20Muay_20Thai-768x542.png 768w, https:\/\/wiiyanbushido.com\/wp-content\/uploads\/2023\/10\/CAP_20Muay_20Thai.png 1218w\" sizes=\"auto, (max-width: 1024px) 100vw, 1024px\" \/><\/figure>\n\n\n\n<figure class=\"wp-block-image size-large\"><img loading=\"lazy\" decoding=\"async\" width=\"1024\" height=\"720\" data-id=\"1393\" src=\"https:\/\/wiiyanbushido.com\/wp-content\/uploads\/2025\/07\/BFMT-Thyra-1-1024x720.jpg\" alt=\"\" class=\"wp-image-1393\" srcset=\"https:\/\/wiiyanbushido.com\/wp-content\/uploads\/2025\/07\/BFMT-Thyra-1-1024x720.jpg 1024w, https:\/\/wiiyanbushido.com\/wp-content\/uploads\/2025\/07\/BFMT-Thyra-1-300x211.jpg 300w, https:\/\/wiiyanbushido.com\/wp-content\/uploads\/2025\/07\/BFMT-Thyra-1-768x540.jpg 768w, https:\/\/wiiyanbushido.com\/wp-content\/uploads\/2025\/07\/BFMT-Thyra-1-1536x1080.jpg 1536w, https:\/\/wiiyanbushido.com\/wp-content\/uploads\/2025\/07\/BFMT-Thyra-1-2048x1441.jpg 2048w\" sizes=\"auto, (max-width: 1024px) 100vw, 1024px\" \/><\/figure>\n\n\n\n<figure class=\"wp-block-image size-large\"><img loading=\"lazy\" decoding=\"async\" width=\"1024\" height=\"721\" data-id=\"1386\" src=\"https:\/\/wiiyanbushido.com\/wp-content\/uploads\/2025\/07\/Thyra-1024x721.jpg\" alt=\"\" class=\"wp-image-1386\" srcset=\"https:\/\/wiiyanbushido.com\/wp-content\/uploads\/2025\/07\/Thyra-1024x721.jpg 1024w, https:\/\/wiiyanbushido.com\/wp-content\/uploads\/2025\/07\/Thyra-300x211.jpg 300w, https:\/\/wiiyanbushido.com\/wp-content\/uploads\/2025\/07\/Thyra-768x541.jpg 768w, https:\/\/wiiyanbushido.com\/wp-content\/uploads\/2025\/07\/Thyra-1536x1082.jpg 1536w, https:\/\/wiiyanbushido.com\/wp-content\/uploads\/2025\/07\/Thyra-2048x1443.jpg 2048w\" sizes=\"auto, (max-width: 1024px) 100vw, 1024px\" \/><\/figure>\n\n\n\n<figure class=\"wp-block-image size-large\"><img loading=\"lazy\" decoding=\"async\" width=\"1024\" height=\"743\" data-id=\"32\" src=\"https:\/\/wiiyanbushido.com\/wp-content\/uploads\/2023\/10\/img005-1024x743.jpg\" alt=\"\" class=\"wp-image-32\" srcset=\"https:\/\/wiiyanbushido.com\/wp-content\/uploads\/2023\/10\/img005-1024x743.jpg 1024w, https:\/\/wiiyanbushido.com\/wp-content\/uploads\/2023\/10\/img005-300x218.jpg 300w, https:\/\/wiiyanbushido.com\/wp-content\/uploads\/2023\/10\/img005-768x558.jpg 768w, https:\/\/wiiyanbushido.com\/wp-content\/uploads\/2023\/10\/img005.jpg 1201w\" sizes=\"auto, (max-width: 1024px) 100vw, 1024px\" \/><\/figure>\n<\/figure>\n\n\n\n<p>Valid\u00e9s mais en attente de r\u00e9ception de leur dipl\u00f4me<\/p>\n\n\n\n<figure class=\"wp-block-gallery has-nested-images columns-default is-cropped wp-block-gallery-11 is-layout-flex wp-block-gallery-is-layout-flex\">\n<figure class=\"wp-block-image size-large is-style-rounded\"><img loading=\"lazy\" decoding=\"async\" width=\"420\" height=\"584\" data-id=\"1444\" src=\"https:\/\/wiiyanbushido.com\/wp-content\/uploads\/2025\/07\/farouk-1.png\" alt=\"\" class=\"wp-image-1444\" srcset=\"https:\/\/wiiyanbushido.com\/wp-content\/uploads\/2025\/07\/farouk-1.png 420w, https:\/\/wiiyanbushido.com\/wp-content\/uploads\/2025\/07\/farouk-1-216x300.png 216w\" sizes=\"auto, (max-width: 420px) 100vw, 420px\" \/><figcaption class=\"wp-element-caption\">Farouk<\/figcaption><\/figure>\n\n\n\n<figure class=\"wp-block-image size-large is-style-rounded\"><img loading=\"lazy\" decoding=\"async\" width=\"711\" height=\"892\" data-id=\"1443\" src=\"https:\/\/wiiyanbushido.com\/wp-content\/uploads\/2025\/07\/WhatsApp-Image-2025-07-22-a-13.40.44_5c6341de.jpg\" alt=\"\" class=\"wp-image-1443\" srcset=\"https:\/\/wiiyanbushido.com\/wp-content\/uploads\/2025\/07\/WhatsApp-Image-2025-07-22-a-13.40.44_5c6341de.jpg 711w, https:\/\/wiiyanbushido.com\/wp-content\/uploads\/2025\/07\/WhatsApp-Image-2025-07-22-a-13.40.44_5c6341de-239x300.jpg 239w\" sizes=\"auto, (max-width: 711px) 100vw, 711px\" \/><figcaption class=\"wp-element-caption\">Chlo\u00e9<\/figcaption><\/figure>\n<\/figure>\n\n\n\n<p><\/p>\n","protected":false},"excerpt":{"rendered":"<p>Valid\u00e9s mais en attente de r\u00e9ception de leur dipl\u00f4me<\/p>\n","protected":false},"author":1,"featured_media":0,"parent":0,"menu_order":0,"comment_status":"closed","ping_status":"closed","template":"","meta":{"footnotes":""},"class_list":["post-1375","page","type-page","status-publish","hentry"],"_links":{"self":[{"href":"https:\/\/wiiyanbushido.com\/index.php?rest_route=\/wp\/v2\/pages\/1375","targetHints":{"allow":["GET"]}}],"collection":[{"href":"https:\/\/wiiyanbushido.com\/index.php?rest_route=\/wp\/v2\/pages"}],"about":[{"href":"https:\/\/wiiyanbushido.com\/index.php?rest_route=\/wp\/v2\/types\/page"}],"author":[{"embeddable":true,"href":"https:\/\/wiiyanbushido.com\/index.php?rest_route=\/wp\/v2\/users\/1"}],"replies":[{"embeddable":true,"href":"https:\/\/wiiyanbushido.com\/index.php?rest_route=%2Fwp%2Fv2%2Fcomments&post=1375"}],"version-history":[{"count":14,"href":"https:\/\/wiiyanbushido.com\/index.php?rest_route=\/wp\/v2\/pages\/1375\/revisions"}],"predecessor-version":[{"id":1499,"href":"https:\/\/wiiyanbushido.com\/index.php?rest_route=\/wp\/v2\/pages\/1375\/revisions\/1499"}],"wp:attachment":[{"href":"https:\/\/wiiyanbushido.com\/index.php?rest_route=%2Fwp%2Fv2%2Fmedia&parent=1375"}],"curies":[{"name":"wp","href":"https:\/\/api.w.org\/{rel}","templated":true}]}}