{"id":1357,"date":"2025-07-22T06:43:21","date_gmt":"2025-07-22T06:43:21","guid":{"rendered":"https:\/\/wiiyanbushido.com\/?page_id=1357"},"modified":"2025-09-08T19:44:53","modified_gmt":"2025-09-08T19:44:53","slug":"wiiyan-lansargues","status":"publish","type":"page","link":"https:\/\/wiiyanbushido.com\/?page_id=1357","title":{"rendered":"Lansargues"},"content":{"rendered":"\n<p><strong>Muay Tha\u00ef<\/strong><\/p>\n\n\n<div class=\"wp-block-image is-style-rounded\">\n<figure class=\"aligncenter size-large is-resized\"><img loading=\"lazy\" decoding=\"async\" width=\"683\" height=\"1024\" src=\"https:\/\/wiiyanbushido.com\/wp-content\/uploads\/2025\/07\/20250524-CHR-MUAYTHAIONE-048-683x1024.jpg\" alt=\"\" class=\"wp-image-1358\" style=\"width:498px;height:auto\" srcset=\"https:\/\/wiiyanbushido.com\/wp-content\/uploads\/2025\/07\/20250524-CHR-MUAYTHAIONE-048-683x1024.jpg 683w, https:\/\/wiiyanbushido.com\/wp-content\/uploads\/2025\/07\/20250524-CHR-MUAYTHAIONE-048-200x300.jpg 200w, https:\/\/wiiyanbushido.com\/wp-content\/uploads\/2025\/07\/20250524-CHR-MUAYTHAIONE-048-768x1152.jpg 768w, https:\/\/wiiyanbushido.com\/wp-content\/uploads\/2025\/07\/20250524-CHR-MUAYTHAIONE-048-1024x1536.jpg 1024w, https:\/\/wiiyanbushido.com\/wp-content\/uploads\/2025\/07\/20250524-CHR-MUAYTHAIONE-048-1365x2048.jpg 1365w, https:\/\/wiiyanbushido.com\/wp-content\/uploads\/2025\/07\/20250524-CHR-MUAYTHAIONE-048-scaled.jpg 1707w\" sizes=\"auto, (max-width: 683px) 100vw, 683px\" \/><figcaption class=\"wp-element-caption\">Alexandre WOLF<br>Co-Fondateur<br>Membre d&rsquo;Honneur permanent<\/figcaption><\/figure>\n<\/div>\n\n<div class=\"wp-block-image is-style-rounded\">\n<figure class=\"aligncenter size-full\"><img loading=\"lazy\" decoding=\"async\" width=\"475\" height=\"626\" src=\"https:\/\/wiiyanbushido.com\/wp-content\/uploads\/2025\/07\/Capture-1.png\" alt=\"\" class=\"wp-image-1362\" srcset=\"https:\/\/wiiyanbushido.com\/wp-content\/uploads\/2025\/07\/Capture-1.png 475w, https:\/\/wiiyanbushido.com\/wp-content\/uploads\/2025\/07\/Capture-1-228x300.png 228w\" sizes=\"auto, (max-width: 475px) 100vw, 475px\" \/><figcaption class=\"wp-element-caption\">Lorenzo RAMEL\nPr\u00e9sident<\/figcaption><\/figure>\n<\/div>\n\n<div class=\"wp-block-image is-style-rounded\">\n<figure class=\"aligncenter size-full\"><img loading=\"lazy\" decoding=\"async\" width=\"531\" height=\"597\" src=\"https:\/\/wiiyanbushido.com\/wp-content\/uploads\/2025\/07\/romain.png\" alt=\"\" class=\"wp-image-1363\" srcset=\"https:\/\/wiiyanbushido.com\/wp-content\/uploads\/2025\/07\/romain.png 531w, https:\/\/wiiyanbushido.com\/wp-content\/uploads\/2025\/07\/romain-267x300.png 267w\" sizes=\"auto, (max-width: 531px) 100vw, 531px\" \/><figcaption class=\"wp-element-caption\">Romain PICCATO\nSecr\u00e9taire\/Tr\u00e9sorier<\/figcaption><\/figure>\n<\/div>\n\n\n<p><strong>Horaires &amp; lieu<\/strong><\/p>\n\n\n\n<p><strong>Mardi &amp; Vendredi : 19h30-21h30 Gymnase de Lansargues<\/strong>&nbsp;<\/p>\n\n\n\n<p><strong>N&rsquo;ayant pas assez de cr\u00e9neaux, l&rsquo;activit\u00e9 est r\u00e9serv\u00e9e aux 16 ans et plus<\/strong><\/p>\n\n\n\n<p><strong>Infos : 06 04 05 67 96<\/strong><\/p>\n\n\n\n<p><\/p>\n","protected":false},"excerpt":{"rendered":"<p>Muay Tha\u00ef Horaires &amp; lieu Mardi &amp; Vendredi : 19h30-21h30 Gymnase de Lansargues&nbsp; N&rsquo;ayant pas assez de cr\u00e9neaux, l&rsquo;activit\u00e9 est r\u00e9serv\u00e9e aux 16 ans et [&hellip;]<\/p>\n","protected":false},"author":1,"featured_media":0,"parent":0,"menu_order":0,"comment_status":"closed","ping_status":"closed","template":"","meta":{"footnotes":""},"class_list":["post-1357","page","type-page","status-publish","hentry"],"_links":{"self":[{"href":"https:\/\/wiiyanbushido.com\/index.php?rest_route=\/wp\/v2\/pages\/1357","targetHints":{"allow":["GET"]}}],"collection":[{"href":"https:\/\/wiiyanbushido.com\/index.php?rest_route=\/wp\/v2\/pages"}],"about":[{"href":"https:\/\/wiiyanbushido.com\/index.php?rest_route=\/wp\/v2\/types\/page"}],"author":[{"embeddable":true,"href":"https:\/\/wiiyanbushido.com\/index.php?rest_route=\/wp\/v2\/users\/1"}],"replies":[{"embeddable":true,"href":"https:\/\/wiiyanbushido.com\/index.php?rest_route=%2Fwp%2Fv2%2Fcomments&post=1357"}],"version-history":[{"count":9,"href":"https:\/\/wiiyanbushido.com\/index.php?rest_route=\/wp\/v2\/pages\/1357\/revisions"}],"predecessor-version":[{"id":1538,"href":"https:\/\/wiiyanbushido.com\/index.php?rest_route=\/wp\/v2\/pages\/1357\/revisions\/1538"}],"wp:attachment":[{"href":"https:\/\/wiiyanbushido.com\/index.php?rest_route=%2Fwp%2Fv2%2Fmedia&parent=1357"}],"curies":[{"name":"wp","href":"https:\/\/api.w.org\/{rel}","templated":true}]}}